{"id":4966,"date":"2022-11-07T10:27:52","date_gmt":"2022-11-07T09:27:52","guid":{"rendered":"https:\/\/salesianum.ch\/chambres-dhotes-salles\/"},"modified":"2025-06-13T22:52:02","modified_gmt":"2025-06-13T20:52:02","slug":"chambres-dhotes-salles","status":"publish","type":"page","link":"https:\/\/www.salesianum.ch\/de\/chambres-dhotes-salles\/","title":{"rendered":"G\u00e4stezimmer \/ R\u00e4ume"},"content":{"rendered":"\n<h2 class=\"wp-block-heading has-text-align-left\">G\u00e4stezimmer<\/h2>\n\n\n\n<p class=\"has-text-align-left\"><strong>Unterkunftsoptionen<\/strong> <em>(je nach Verf\u00fcgbarkeit)<\/em><br>Tagespreis pro Person<\/p>\n\n\n\n<p><strong>Einzelzimmer ohne eigenes Bad<\/strong>:<br>\u2003\u2022 <strong>CHF 60.\u2013<\/strong> (Regul\u00e4rer Preis)<br>\u2003\u2022 <strong>CHF 45.\u2013<\/strong> (Erm\u00e4\u00dfigter Preis mit Studentenausweis)<\/p>\n\n\n\n<p><strong>Einzelzimmer mit eigenem Bad<\/strong>:<br>\u2003\u2022 <strong>CHF 70.\u2013<\/strong> (Regul\u00e4rer Preis)<br>\u2003\u2022 <strong>CHF 55.\u2013<\/strong> (Erm\u00e4\u00dfigter Preis mit Studentenausweis)<\/p>\n\n\n\n<p><strong>Pilger-Einzelzimmer<\/strong><br>(kleines Zimmer ohne eigenes Bad):<br>\u2003\u2022 <strong>CHF 40.\u2013<\/strong><\/p>\n\n\n\n<p><strong>Schlafsaal<\/strong> (8 Betten, gemeinsames Bad auf einem anderen Stockwerk):<br><em>In dieser Option sind Bettw\u00e4sche und Handt\u00fccher nicht inbegriffen. Sie k\u00f6nnen jedoch f\u00fcr einen Aufpreis von 5 CHF ausgeliehen werden.<\/em><br>\u2003\u2022 <strong>CHF 30.\u2013<\/strong> (Regul\u00e4rer Preis)<br>\u2003\u2022 <strong>CHF 22.\u2013<\/strong> (Erm\u00e4\u00dfigter Preis f\u00fcr Pilger)<\/p>\n\n\n\n<p><strong>Bitte beachten:<\/strong><br>Es steht keine K\u00fcche zur Verf\u00fcgung.<br>Mahlzeiten werden von Montag bis Freitag im Restaurant serviert, ausgenommen an Feiertagen und w\u00e4hrend der Sommerferien.<\/p>\n\n\n\n<p><strong>Preise f\u00fcr Mahlzeiten:<\/strong><br>\u2003\u2022 <strong>Fr\u00fchst\u00fcck<\/strong>: CHF 7.\u2013<br>\u2003\u2022 <strong>Mittag- \/ Abendessen<\/strong>:<br>\u2003     \u2022 <strong>CHF 18.\u2013<\/strong> (Regul\u00e4rer Preis)<br>\u2003     \u2022 <strong>CHF 13.\u2013<\/strong> (Erm\u00e4\u00dfigter Preis mit Studentenausweis)<\/p>\n\n\n\n<div class=\"wp-block-buttons is-content-justification-center is-layout-flex wp-container-core-buttons-is-layout-16018d1d wp-block-buttons-is-layout-flex\">\n<div class=\"wp-block-button\"><a class=\"wp-block-button__link wp-element-button\" href=\"https:\/\/salesianum.ch\/de\/contact-acces\/\">Reservierung<\/a><\/div>\n<\/div>\n\n\n\n<h3 class=\"wp-block-heading has-text-align-center\">Konferenz und Seminarra\u00fcme<\/h3>\n\n\n\n<p>Im Salesianum stehen diverse Seminar- und Konferenzr\u00e4ume zur Verf\u00fcgung.<\/p>\n\n\n\n<figure class=\"wp-block-table aligncenter\"><table><tbody><tr><th><\/th><th><strong>Gr\u00f6sse in m\u00b2<\/strong><\/th><th><strong><strong>Anzahl<\/strong><\/strong><\/th><th><strong>1\/2 Tag<\/strong><\/th><th><strong><strong>1 Tag<\/strong><\/strong><\/th><\/tr><tr><th>Saal Mol\u00e9son<\/th><th>51<\/th><th>20 &#8211; 30<\/th><th>120.-<\/th><th>240.-<\/th><\/tr><tr><th>Saal Fribourg<\/th><th>21,5<\/th><th>8<\/th><th>60.-<\/th><th>120.-<\/th><\/tr><tr><th>Saal von Konferenz<\/th><th>38<\/th><th>14<\/th><th>100.-<\/th><th>200.-<\/th><\/tr><\/tbody><\/table><\/figure>\n\n\n\n<p>Im Preis&nbsp;inbegriffen: 1 Flipchart.<br>Im Preis&nbsp;nicht inbegriffen: Beamer (50.- CHF halber oder ganzer Tag).<\/p>\n","protected":false},"excerpt":{"rendered":"<p>G\u00e4stezimmer Unterkunftsoptionen (je nach Verf\u00fcgbarkeit)Tagespreis pro Person Einzelzimmer ohne eigenes Bad:\u2003\u2022 CHF 60.\u2013 (Regul\u00e4rer Preis)\u2003\u2022 CHF 45.\u2013 (Erm\u00e4\u00dfigter Preis mit Studentenausweis) Einzelzimmer mit eigenem Bad:\u2003\u2022 CHF 70.\u2013 (Regul\u00e4rer Preis)\u2003\u2022 CHF 55.\u2013 (Erm\u00e4\u00dfigter Preis mit Studentenausweis) Pilger-Einzelzimmer(kleines Zimmer ohne eigenes Bad):\u2003\u2022 CHF 40.\u2013 Schlafsaal (8 Betten, gemeinsames Bad auf einem anderen Stockwerk):In dieser Option sind Bettw\u00e4sche [&hellip;]<\/p>\n","protected":false},"author":1,"featured_media":4696,"parent":0,"menu_order":0,"comment_status":"closed","ping_status":"closed","template":"","meta":{"_acf_changed":false,"footnotes":""},"class_list":["post-4966","page","type-page","status-publish","has-post-thumbnail","hentry"],"acf":[],"yoast_head":"<!-- This site is optimized with the Yoast SEO plugin v27.5 - https:\/\/yoast.com\/product\/yoast-seo-wordpress\/ -->\n<title>G\u00e4stezimmer \/ R\u00e4ume - Convict Salesianum<\/title>\n<meta name=\"description\" content=\"G\u00e4stezimmer Unterkunftsoptionen (je nach Verf\u00fcgbarkeit)Tagespreis pro Person Einzelzimmer ohne eigenes Bad:\u2003\u2022 CHF 60.\u2013 (Regul\u00e4rer Preis)\u2003\u2022 CHF 45.\u2013\" \/>\n<meta name=\"robots\" content=\"index, follow, max-snippet:-1, max-image-preview:large, max-video-preview:-1\" \/>\n<link rel=\"canonical\" href=\"https:\/\/www.salesianum.ch\/de\/chambres-dhotes-salles\/\" \/>\n<meta property=\"og:locale\" content=\"de_DE\" \/>\n<meta property=\"og:type\" content=\"article\" \/>\n<meta property=\"og:title\" content=\"G\u00e4stezimmer \/ R\u00e4ume - Convict Salesianum\" \/>\n<meta property=\"og:description\" content=\"G\u00e4stezimmer Unterkunftsoptionen (je nach Verf\u00fcgbarkeit)Tagespreis pro Person Einzelzimmer ohne eigenes Bad:\u2003\u2022 CHF 60.\u2013 (Regul\u00e4rer Preis)\u2003\u2022 CHF 45.\u2013\" \/>\n<meta property=\"og:url\" content=\"https:\/\/www.salesianum.ch\/de\/chambres-dhotes-salles\/\" \/>\n<meta property=\"og:site_name\" content=\"Convict Salesianum\" \/>\n<meta property=\"article:modified_time\" content=\"2025-06-13T20:52:02+00:00\" \/>\n<meta property=\"og:image\" content=\"https:\/\/www.salesianum.ch\/wp-content\/uploads\/2022\/11\/chambre-hote.jpg\" \/>\n\t<meta property=\"og:image:width\" content=\"1800\" \/>\n\t<meta property=\"og:image:height\" content=\"1513\" \/>\n\t<meta property=\"og:image:type\" content=\"image\/jpeg\" \/>\n<meta name=\"twitter:card\" content=\"summary_large_image\" \/>\n<meta name=\"twitter:label1\" content=\"Gesch\u00e4tzte Lesezeit\" \/>\n\t<meta name=\"twitter:data1\" content=\"2\u00a0Minuten\" \/>\n<script type=\"application\/ld+json\" class=\"yoast-schema-graph\">{\"@context\":\"https:\\\/\\\/schema.org\",\"@graph\":[{\"@type\":\"WebPage\",\"@id\":\"https:\\\/\\\/www.salesianum.ch\\\/de\\\/chambres-dhotes-salles\\\/\",\"url\":\"https:\\\/\\\/www.salesianum.ch\\\/de\\\/chambres-dhotes-salles\\\/\",\"name\":\"G\u00e4stezimmer \\\/ R\u00e4ume - Convict Salesianum\",\"isPartOf\":{\"@id\":\"https:\\\/\\\/www.salesianum.ch\\\/de\\\/#website\"},\"primaryImageOfPage\":{\"@id\":\"https:\\\/\\\/www.salesianum.ch\\\/de\\\/chambres-dhotes-salles\\\/#primaryimage\"},\"image\":{\"@id\":\"https:\\\/\\\/www.salesianum.ch\\\/de\\\/chambres-dhotes-salles\\\/#primaryimage\"},\"thumbnailUrl\":\"https:\\\/\\\/www.salesianum.ch\\\/wp-content\\\/uploads\\\/2022\\\/11\\\/chambre-hote.jpg\",\"datePublished\":\"2022-11-07T09:27:52+00:00\",\"dateModified\":\"2025-06-13T20:52:02+00:00\",\"description\":\"G\u00e4stezimmer Unterkunftsoptionen (je nach Verf\u00fcgbarkeit)Tagespreis pro Person Einzelzimmer ohne eigenes Bad:\u2003\u2022 CHF 60.\u2013 (Regul\u00e4rer Preis)\u2003\u2022 CHF 45.\u2013\",\"breadcrumb\":{\"@id\":\"https:\\\/\\\/www.salesianum.ch\\\/de\\\/chambres-dhotes-salles\\\/#breadcrumb\"},\"inLanguage\":\"de\",\"potentialAction\":[{\"@type\":\"ReadAction\",\"target\":[\"https:\\\/\\\/www.salesianum.ch\\\/de\\\/chambres-dhotes-salles\\\/\"]}]},{\"@type\":\"ImageObject\",\"inLanguage\":\"de\",\"@id\":\"https:\\\/\\\/www.salesianum.ch\\\/de\\\/chambres-dhotes-salles\\\/#primaryimage\",\"url\":\"https:\\\/\\\/www.salesianum.ch\\\/wp-content\\\/uploads\\\/2022\\\/11\\\/chambre-hote.jpg\",\"contentUrl\":\"https:\\\/\\\/www.salesianum.ch\\\/wp-content\\\/uploads\\\/2022\\\/11\\\/chambre-hote.jpg\",\"width\":1800,\"height\":1513},{\"@type\":\"BreadcrumbList\",\"@id\":\"https:\\\/\\\/www.salesianum.ch\\\/de\\\/chambres-dhotes-salles\\\/#breadcrumb\",\"itemListElement\":[{\"@type\":\"ListItem\",\"position\":1,\"name\":\"Home\",\"item\":\"https:\\\/\\\/www.salesianum.ch\\\/de\\\/\"},{\"@type\":\"ListItem\",\"position\":2,\"name\":\"G\u00e4stezimmer \\\/ R\u00e4ume\"}]},{\"@type\":\"WebSite\",\"@id\":\"https:\\\/\\\/www.salesianum.ch\\\/de\\\/#website\",\"url\":\"https:\\\/\\\/www.salesianum.ch\\\/de\\\/\",\"name\":\"Convict Salesianum\",\"description\":\"Foyer de Fribourg, anim\u00e9 par la Communaut\u00e9 du Chemin Neuf\",\"potentialAction\":[{\"@type\":\"SearchAction\",\"target\":{\"@type\":\"EntryPoint\",\"urlTemplate\":\"https:\\\/\\\/www.salesianum.ch\\\/de\\\/?s={search_term_string}\"},\"query-input\":{\"@type\":\"PropertyValueSpecification\",\"valueRequired\":true,\"valueName\":\"search_term_string\"}}],\"inLanguage\":\"de\"}]}<\/script>\n<!-- \/ Yoast SEO plugin. -->","yoast_head_json":{"title":"G\u00e4stezimmer \/ R\u00e4ume - Convict Salesianum","description":"G\u00e4stezimmer Unterkunftsoptionen (je nach Verf\u00fcgbarkeit)Tagespreis pro Person Einzelzimmer ohne eigenes Bad:\u2003\u2022 CHF 60.\u2013 (Regul\u00e4rer Preis)\u2003\u2022 CHF 45.\u2013","robots":{"index":"index","follow":"follow","max-snippet":"max-snippet:-1","max-image-preview":"max-image-preview:large","max-video-preview":"max-video-preview:-1"},"canonical":"https:\/\/www.salesianum.ch\/de\/chambres-dhotes-salles\/","og_locale":"de_DE","og_type":"article","og_title":"G\u00e4stezimmer \/ R\u00e4ume - Convict Salesianum","og_description":"G\u00e4stezimmer Unterkunftsoptionen (je nach Verf\u00fcgbarkeit)Tagespreis pro Person Einzelzimmer ohne eigenes Bad:\u2003\u2022 CHF 60.\u2013 (Regul\u00e4rer Preis)\u2003\u2022 CHF 45.\u2013","og_url":"https:\/\/www.salesianum.ch\/de\/chambres-dhotes-salles\/","og_site_name":"Convict Salesianum","article_modified_time":"2025-06-13T20:52:02+00:00","og_image":[{"width":1800,"height":1513,"url":"https:\/\/www.salesianum.ch\/wp-content\/uploads\/2022\/11\/chambre-hote.jpg","type":"image\/jpeg"}],"twitter_card":"summary_large_image","twitter_misc":{"Gesch\u00e4tzte Lesezeit":"2\u00a0Minuten"},"schema":{"@context":"https:\/\/schema.org","@graph":[{"@type":"WebPage","@id":"https:\/\/www.salesianum.ch\/de\/chambres-dhotes-salles\/","url":"https:\/\/www.salesianum.ch\/de\/chambres-dhotes-salles\/","name":"G\u00e4stezimmer \/ R\u00e4ume - Convict Salesianum","isPartOf":{"@id":"https:\/\/www.salesianum.ch\/de\/#website"},"primaryImageOfPage":{"@id":"https:\/\/www.salesianum.ch\/de\/chambres-dhotes-salles\/#primaryimage"},"image":{"@id":"https:\/\/www.salesianum.ch\/de\/chambres-dhotes-salles\/#primaryimage"},"thumbnailUrl":"https:\/\/www.salesianum.ch\/wp-content\/uploads\/2022\/11\/chambre-hote.jpg","datePublished":"2022-11-07T09:27:52+00:00","dateModified":"2025-06-13T20:52:02+00:00","description":"G\u00e4stezimmer Unterkunftsoptionen (je nach Verf\u00fcgbarkeit)Tagespreis pro Person Einzelzimmer ohne eigenes Bad:\u2003\u2022 CHF 60.\u2013 (Regul\u00e4rer Preis)\u2003\u2022 CHF 45.\u2013","breadcrumb":{"@id":"https:\/\/www.salesianum.ch\/de\/chambres-dhotes-salles\/#breadcrumb"},"inLanguage":"de","potentialAction":[{"@type":"ReadAction","target":["https:\/\/www.salesianum.ch\/de\/chambres-dhotes-salles\/"]}]},{"@type":"ImageObject","inLanguage":"de","@id":"https:\/\/www.salesianum.ch\/de\/chambres-dhotes-salles\/#primaryimage","url":"https:\/\/www.salesianum.ch\/wp-content\/uploads\/2022\/11\/chambre-hote.jpg","contentUrl":"https:\/\/www.salesianum.ch\/wp-content\/uploads\/2022\/11\/chambre-hote.jpg","width":1800,"height":1513},{"@type":"BreadcrumbList","@id":"https:\/\/www.salesianum.ch\/de\/chambres-dhotes-salles\/#breadcrumb","itemListElement":[{"@type":"ListItem","position":1,"name":"Home","item":"https:\/\/www.salesianum.ch\/de\/"},{"@type":"ListItem","position":2,"name":"G\u00e4stezimmer \/ R\u00e4ume"}]},{"@type":"WebSite","@id":"https:\/\/www.salesianum.ch\/de\/#website","url":"https:\/\/www.salesianum.ch\/de\/","name":"Convict Salesianum","description":"Foyer de Fribourg, anim\u00e9 par la Communaut\u00e9 du Chemin Neuf","potentialAction":[{"@type":"SearchAction","target":{"@type":"EntryPoint","urlTemplate":"https:\/\/www.salesianum.ch\/de\/?s={search_term_string}"},"query-input":{"@type":"PropertyValueSpecification","valueRequired":true,"valueName":"search_term_string"}}],"inLanguage":"de"}]}},"_links":{"self":[{"href":"https:\/\/www.salesianum.ch\/de\/wp-json\/wp\/v2\/pages\/4966","targetHints":{"allow":["GET"]}}],"collection":[{"href":"https:\/\/www.salesianum.ch\/de\/wp-json\/wp\/v2\/pages"}],"about":[{"href":"https:\/\/www.salesianum.ch\/de\/wp-json\/wp\/v2\/types\/page"}],"author":[{"embeddable":true,"href":"https:\/\/www.salesianum.ch\/de\/wp-json\/wp\/v2\/users\/1"}],"replies":[{"embeddable":true,"href":"https:\/\/www.salesianum.ch\/de\/wp-json\/wp\/v2\/comments?post=4966"}],"version-history":[{"count":8,"href":"https:\/\/www.salesianum.ch\/de\/wp-json\/wp\/v2\/pages\/4966\/revisions"}],"predecessor-version":[{"id":6628,"href":"https:\/\/www.salesianum.ch\/de\/wp-json\/wp\/v2\/pages\/4966\/revisions\/6628"}],"wp:featuredmedia":[{"embeddable":true,"href":"https:\/\/www.salesianum.ch\/de\/wp-json\/wp\/v2\/media\/4696"}],"wp:attachment":[{"href":"https:\/\/www.salesianum.ch\/de\/wp-json\/wp\/v2\/media?parent=4966"}],"curies":[{"name":"wp","href":"https:\/\/api.w.org\/{rel}","templated":true}]}}